{"id":1782,"date":"2023-08-11T10:42:47","date_gmt":"2023-08-11T10:42:47","guid":{"rendered":"http:\/\/aviatik.p-mm.cz\/?page_id=1782"},"modified":"2024-02-19T10:47:30","modified_gmt":"2024-02-19T10:47:30","slug":"sightseeing-flights","status":"publish","type":"page","link":"https:\/\/aviatik.p-mm.cz\/?page_id=1782&lang=en","title":{"rendered":"Sightseeing flights"},"content":{"rendered":"\t\t<div data-elementor-type=\"wp-page\" data-elementor-id=\"1782\" class=\"elementor elementor-1782\">\n\t\t\t\t\t\t\t\t\t<section class=\"elementor-section elementor-top-section elementor-element elementor-element-c8ddeb6 elementor-section-height-min-height elementor-section-boxed elementor-section-height-default elementor-section-items-middle\" data-id=\"c8ddeb6\" data-element_type=\"section\" data-settings=\"{&quot;background_background&quot;:&quot;classic&quot;}\">\n\t\t\t\t\t\t\t<div class=\"elementor-background-overlay\"><\/div>\n\t\t\t\t\t\t\t<div class=\"elementor-container elementor-column-gap-default\">\n\t\t\t\t\t<div class=\"elementor-column elementor-col-100 elementor-top-column elementor-element elementor-element-6a5337e\" data-id=\"6a5337e\" data-element_type=\"column\">\n\t\t\t<div class=\"elementor-widget-wrap elementor-element-populated\">\n\t\t\t\t\t\t\t\t<div class=\"elementor-element elementor-element-feefb6c elementor-widget elementor-widget-heading\" data-id=\"feefb6c\" data-element_type=\"widget\" data-widget_type=\"heading.default\">\n\t\t\t\t<div class=\"elementor-widget-container\">\n\t\t\t<style>\/*! elementor - v3.15.0 - 09-08-2023 *\/\n.elementor-heading-title{padding:0;margin:0;line-height:1}.elementor-widget-heading .elementor-heading-title[class*=elementor-size-]>a{color:inherit;font-size:inherit;line-height:inherit}.elementor-widget-heading .elementor-heading-title.elementor-size-small{font-size:15px}.elementor-widget-heading .elementor-heading-title.elementor-size-medium{font-size:19px}.elementor-widget-heading .elementor-heading-title.elementor-size-large{font-size:29px}.elementor-widget-heading .elementor-heading-title.elementor-size-xl{font-size:39px}.elementor-widget-heading .elementor-heading-title.elementor-size-xxl{font-size:59px}<\/style><h1 class=\"elementor-heading-title elementor-size-default\">sightseeing flights<\/h1>\t\t<\/div>\n\t\t\t\t<\/div>\n\t\t\t\t\t<\/div>\n\t\t<\/div>\n\t\t\t\t\t\t\t<\/div>\n\t\t<\/section>\n\t\t\t\t<section class=\"elementor-section elementor-top-section elementor-element elementor-element-034f786 elementor-section-boxed elementor-section-height-default elementor-section-height-default\" data-id=\"034f786\" data-element_type=\"section\" data-settings=\"{&quot;background_background&quot;:&quot;classic&quot;}\">\n\t\t\t\t\t\t<div class=\"elementor-container elementor-column-gap-default\">\n\t\t\t\t\t<div class=\"elementor-column elementor-col-100 elementor-top-column elementor-element elementor-element-ba0c118\" data-id=\"ba0c118\" data-element_type=\"column\">\n\t\t\t<div class=\"elementor-widget-wrap elementor-element-populated\">\n\t\t\t\t\t\t\t\t<div class=\"elementor-element elementor-element-3dc998b elementor-widget elementor-widget-heading\" data-id=\"3dc998b\" data-element_type=\"widget\" data-widget_type=\"heading.default\">\n\t\t\t\t<div class=\"elementor-widget-container\">\n\t\t\t<h2 class=\"elementor-heading-title elementor-size-default\">Flights over the neighborhood<\/h2>\t\t<\/div>\n\t\t\t\t<\/div>\n\t\t\t\t<div class=\"elementor-element elementor-element-a261e1d elementor-widget elementor-widget-text-editor\" data-id=\"a261e1d\" data-element_type=\"widget\" data-widget_type=\"text-editor.default\">\n\t\t\t\t<div class=\"elementor-widget-container\">\n\t\t\t<style>\/*! elementor - v3.15.0 - 09-08-2023 *\/\n.elementor-widget-text-editor.elementor-drop-cap-view-stacked .elementor-drop-cap{background-color:#69727d;color:#fff}.elementor-widget-text-editor.elementor-drop-cap-view-framed .elementor-drop-cap{color:#69727d;border:3px solid;background-color:transparent}.elementor-widget-text-editor:not(.elementor-drop-cap-view-default) .elementor-drop-cap{margin-top:8px}.elementor-widget-text-editor:not(.elementor-drop-cap-view-default) .elementor-drop-cap-letter{width:1em;height:1em}.elementor-widget-text-editor .elementor-drop-cap{float:left;text-align:center;line-height:1;font-size:50px}.elementor-widget-text-editor .elementor-drop-cap-letter{display:inline-block}<\/style>\t\t\t\t<h3>Flight booking<\/h3><p>E-mail: vyhlidky@pradelna-mm.cz<br \/>Tel: +420\u00a0728\u00a0479 549<\/p>\t\t\t\t\t\t<\/div>\n\t\t\t\t<\/div>\n\t\t\t\t<section class=\"elementor-section elementor-inner-section elementor-element elementor-element-d762106 elementor-section-boxed elementor-section-height-default elementor-section-height-default\" data-id=\"d762106\" data-element_type=\"section\">\n\t\t\t\t\t\t<div class=\"elementor-container elementor-column-gap-default\">\n\t\t\t\t\t<div class=\"elementor-column elementor-col-50 elementor-inner-column elementor-element elementor-element-08ec54c\" data-id=\"08ec54c\" data-element_type=\"column\" data-settings=\"{&quot;background_background&quot;:&quot;classic&quot;}\">\n\t\t\t<div class=\"elementor-widget-wrap elementor-element-populated\">\n\t\t\t\t\t\t\t\t<div class=\"elementor-element elementor-element-8fa3d11 elementor-widget elementor-widget-text-editor\" data-id=\"8fa3d11\" data-element_type=\"widget\" data-widget_type=\"text-editor.default\">\n\t\t\t\t<div class=\"elementor-widget-container\">\n\t\t\t\t\t\t\t<p>Buy a voucher for your own or to someone close to you. Even the familiar places look completely different from the sky. Discover the beauty of Kutn\u00e1 hora, \u010c\u00e1slav and S\u00e1zava river area from a bird&#8217;s eye view. A familiarization flight is an unforgettable experience for everyone.<br \/><br \/><strong>Boarding pass:<br \/><\/strong>You can determine the date of the flight yourself. A boarding pass is valid for 3 months from the date of issue, boarding passes issued in winter period are valid for 6 months. One boarding is intended for two adults, or two adults and a child under the age of 12, or an adult and two children.<\/p><p>A boarding pass is a very popular gift for various anniversaries, birthdays, weddings etc.<\/p><p>\u00a0<\/p>\t\t\t\t\t\t<\/div>\n\t\t\t\t<\/div>\n\t\t\t\t\t<\/div>\n\t\t<\/div>\n\t\t\t\t<div class=\"elementor-column elementor-col-50 elementor-inner-column elementor-element elementor-element-d30d7a1\" data-id=\"d30d7a1\" data-element_type=\"column\" data-settings=\"{&quot;background_background&quot;:&quot;classic&quot;}\">\n\t\t\t<div class=\"elementor-widget-wrap elementor-element-populated\">\n\t\t\t\t\t\t\t\t<div class=\"elementor-element elementor-element-3a99000 elementor-widget elementor-widget-text-editor\" data-id=\"3a99000\" data-element_type=\"widget\" data-widget_type=\"text-editor.default\">\n\t\t\t\t<div class=\"elementor-widget-container\">\n\t\t\t\t\t\t\t<p><strong>Flight time:<\/strong><\/p><p>We offer 20-minute, 30-minute, 40-minute and 60-minute flights. The flight route can be always tailor-made by a customer and pilot in command.<\/p><p>\u00a0<\/p><p><strong>Airfield:<\/strong><\/p><p>All flights take off from Zbraslavice airfield. It is located about 15 kilometers south of \u010c\u00e1slav. The airfield was established in 1935.<\/p><p>\u00a0<\/p><p>An airfield snack bar with outdoor pool is usually open during the summer period. Bar offers wide variety of refreshment supported by pleasant seating in the immediate vicinity of the planes and a view of the runway.<\/p>\t\t\t\t\t\t<\/div>\n\t\t\t\t<\/div>\n\t\t\t\t\t<\/div>\n\t\t<\/div>\n\t\t\t\t\t\t\t<\/div>\n\t\t<\/section>\n\t\t\t\t\t<\/div>\n\t\t<\/div>\n\t\t\t\t\t\t\t<\/div>\n\t\t<\/section>\n\t\t\t\t<section class=\"elementor-section elementor-top-section elementor-element elementor-element-6777b49 elementor-section-boxed elementor-section-height-default elementor-section-height-default\" data-id=\"6777b49\" data-element_type=\"section\">\n\t\t\t\t\t\t<div class=\"elementor-container elementor-column-gap-default\">\n\t\t\t\t\t<div class=\"elementor-column elementor-col-50 elementor-top-column elementor-element elementor-element-0d1fddc\" data-id=\"0d1fddc\" data-element_type=\"column\">\n\t\t\t<div class=\"elementor-widget-wrap elementor-element-populated\">\n\t\t\t\t\t\t\t\t<div class=\"elementor-element elementor-element-0e082db elementor-widget elementor-widget-heading\" data-id=\"0e082db\" data-element_type=\"widget\" data-widget_type=\"heading.default\">\n\t\t\t\t<div class=\"elementor-widget-container\">\n\t\t\t<h4 class=\"elementor-heading-title elementor-size-default\">Recommended flight routes:<\/h4>\t\t<\/div>\n\t\t\t\t<\/div>\n\t\t\t\t<div class=\"elementor-element elementor-element-f6f8201 elementor-widget elementor-widget-text-editor\" data-id=\"f6f8201\" data-element_type=\"widget\" data-widget_type=\"text-editor.default\">\n\t\t\t\t<div class=\"elementor-widget-container\">\n\t\t\t\t\t\t\t<p><strong>20 minut:<\/strong><\/p><ul><li>Zbraslavice \u2013 p\u0159ehrada \u017delivka \u2013 Zbraslavice<\/li><\/ul><p><strong>30 minut:<\/strong><\/p><ul><li>Zbraslavice \u2013 \u010cesk\u00fd \u0160ternberk \u2013 Zbraslavice<\/li><li>Zbraslavice \u2013 Kutn\u00e1 Hora \u2013 Zbraslavice<\/li><li>Zbraslavice \u2013 \u010c\u00e1slav \u2013 Zbraslavice<\/li><\/ul><p><strong>40 minut:<\/strong><\/p><ul><li>Zbraslavice \u2013 \u010c\u00e1slav \u2013 \u017dleby \u2013 Lichnice &#8211; p\u0159ehrada Se\u010d \u2013 p\u0159ehrada Pa\u0159\u00ed\u017eov &#8211; Gol\u010d\u016fv Jen\u00edkov \u2013 Zb\u00fd\u0161ov \u2013 Zbraslavice<\/li><li>Zbraslavice &#8211; \u010cesk\u00fd \u0160ternberk &#8211; Vodn\u00ed n\u00e1dr\u017e \u017delivka &#8211; Lipnice nad S\u00e1zavou &#8211; Lede\u010d nad S\u00e1zavou \u2013 Zbraslavice<\/li><\/ul><p>\u00a0<\/p>\t\t\t\t\t\t<\/div>\n\t\t\t\t<\/div>\n\t\t\t\t\t<\/div>\n\t\t<\/div>\n\t\t\t\t<div class=\"elementor-column elementor-col-50 elementor-top-column elementor-element elementor-element-0dff3f2\" data-id=\"0dff3f2\" data-element_type=\"column\" data-settings=\"{&quot;background_background&quot;:&quot;classic&quot;}\">\n\t\t\t<div class=\"elementor-widget-wrap elementor-element-populated\">\n\t\t\t\t\t\t\t\t<div class=\"elementor-element elementor-element-c7e8e00 elementor-widget elementor-widget-heading\" data-id=\"c7e8e00\" data-element_type=\"widget\" data-widget_type=\"heading.default\">\n\t\t\t\t<div class=\"elementor-widget-container\">\n\t\t\t<h4 class=\"elementor-heading-title elementor-size-default\">Price list CZK:<\/h4>\t\t<\/div>\n\t\t\t\t<\/div>\n\t\t\t\t<div class=\"elementor-element elementor-element-75e0470 elementor-widget elementor-widget-text-editor\" data-id=\"75e0470\" data-element_type=\"widget\" data-widget_type=\"text-editor.default\">\n\t\t\t\t<div class=\"elementor-widget-container\">\n\t\t\t\t\t\t\t<p>20 minut \u2192 2 700 K\u010d<br \/>30 minut \u2192 4 50 K\u010d<br \/>40 minut \u2192 5 400 K\u010d<br \/>6 0minut \u2192 8 100 K\u010d<\/p>\t\t\t\t\t\t<\/div>\n\t\t\t\t<\/div>\n\t\t\t\t\t<\/div>\n\t\t<\/div>\n\t\t\t\t\t\t\t<\/div>\n\t\t<\/section>\n\t\t\t\t<section class=\"elementor-section elementor-top-section elementor-element elementor-element-52b729e elementor-section-boxed elementor-section-height-default elementor-section-height-default\" data-id=\"52b729e\" data-element_type=\"section\">\n\t\t\t\t\t\t<div class=\"elementor-container elementor-column-gap-default\">\n\t\t\t\t\t<div class=\"elementor-column elementor-col-100 elementor-top-column elementor-element elementor-element-7067b5f\" data-id=\"7067b5f\" data-element_type=\"column\">\n\t\t\t<div class=\"elementor-widget-wrap elementor-element-populated\">\n\t\t\t\t\t\t\t\t<div class=\"elementor-element elementor-element-aa7e452 elementor-widget elementor-widget-text-editor\" data-id=\"aa7e452\" data-element_type=\"widget\" data-widget_type=\"text-editor.default\">\n\t\t\t\t<div class=\"elementor-widget-container\">\n\t\t\t\t\t\t\t<p>Additional information:<\/p><ul><li>Children under 6 years of age must be accompanied by an adult and must sit on their own seat.<\/li><li>Children under 15 years of age are allowed to fly only with the approval of their parents or their legal representatives<\/li><\/ul><p>Conditions:<\/p><ul><li>Persons under the influence of alcohol, drugs and other addictive substances will not be allowed on board.<\/li><li>It is mandatory to follow the pilot&#8217;s instructions during the entire flight.<\/li><\/ul><h3>In case of adverse weather conditions, the flight will be moved to an alternative date.<\/h3>\t\t\t\t\t\t<\/div>\n\t\t\t\t<\/div>\n\t\t\t\t\t<\/div>\n\t\t<\/div>\n\t\t\t\t\t\t\t<\/div>\n\t\t<\/section>\n\t\t\t\t\t\t\t<\/div>\n\t\t","protected":false},"excerpt":{"rendered":"<p>sightseeing flights Flights over the neighborhood Flight booking E-mail: vyhlidky@pradelna-mm.czTel: +420\u00a0728\u00a0479 549 Buy a voucher for your own or to someone close to you. Even the familiar places look completely different from the sky. Discover the beauty of Kutn\u00e1 hora, \u010c\u00e1slav and S\u00e1zava river area from a bird&#8217;s eye view. A familiarization flight is an &hellip;<\/p>\n<p class=\"read-more\"> <a class=\"\" href=\"https:\/\/aviatik.p-mm.cz\/?page_id=1782&#038;lang=en\"> <span class=\"screen-reader-text\">Sightseeing flights<\/span> Pokra\u010dovat ve \u010dten\u00ed &raquo;<\/a><\/p>\n","protected":false},"author":2,"featured_media":0,"parent":0,"menu_order":0,"comment_status":"closed","ping_status":"closed","template":"","meta":{"site-sidebar-layout":"no-sidebar","site-content-layout":"page-builder","ast-global-header-display":"","ast-banner-title-visibility":"","ast-main-header-display":"","ast-hfb-above-header-display":"","ast-hfb-below-header-display":"","ast-hfb-mobile-header-display":"","site-post-title":"disabled","ast-breadcrumbs-content":"","ast-featured-img":"disabled","footer-sml-layout":"","theme-transparent-header-meta":"enabled","adv-header-id-meta":"","stick-header-meta":"","header-above-stick-meta":"","header-main-stick-meta":"","header-below-stick-meta":"","footnotes":""},"class_list":["post-1782","page","type-page","status-publish","hentry"],"_links":{"self":[{"href":"https:\/\/aviatik.p-mm.cz\/index.php?rest_route=\/wp\/v2\/pages\/1782","targetHints":{"allow":["GET"]}}],"collection":[{"href":"https:\/\/aviatik.p-mm.cz\/index.php?rest_route=\/wp\/v2\/pages"}],"about":[{"href":"https:\/\/aviatik.p-mm.cz\/index.php?rest_route=\/wp\/v2\/types\/page"}],"author":[{"embeddable":true,"href":"https:\/\/aviatik.p-mm.cz\/index.php?rest_route=\/wp\/v2\/users\/2"}],"replies":[{"embeddable":true,"href":"https:\/\/aviatik.p-mm.cz\/index.php?rest_route=%2Fwp%2Fv2%2Fcomments&post=1782"}],"version-history":[{"count":19,"href":"https:\/\/aviatik.p-mm.cz\/index.php?rest_route=\/wp\/v2\/pages\/1782\/revisions"}],"predecessor-version":[{"id":1964,"href":"https:\/\/aviatik.p-mm.cz\/index.php?rest_route=\/wp\/v2\/pages\/1782\/revisions\/1964"}],"wp:attachment":[{"href":"https:\/\/aviatik.p-mm.cz\/index.php?rest_route=%2Fwp%2Fv2%2Fmedia&parent=1782"}],"curies":[{"name":"wp","href":"https:\/\/api.w.org\/{rel}","templated":true}]}}