{"id":1456,"date":"2023-08-11T10:42:47","date_gmt":"2023-08-11T10:42:47","guid":{"rendered":"http:\/\/aviatik.p-mm.cz\/?page_id=1456"},"modified":"2024-02-19T10:44:04","modified_gmt":"2024-02-19T10:44:04","slug":"vyhlidkove-lety","status":"publish","type":"page","link":"https:\/\/aviatik.p-mm.cz\/?page_id=1456","title":{"rendered":"Vyhl\u00eddkov\u00e9 lety"},"content":{"rendered":"\t\t<div data-elementor-type=\"wp-page\" data-elementor-id=\"1456\" class=\"elementor elementor-1456\">\n\t\t\t\t\t\t\t\t\t<section class=\"elementor-section elementor-top-section elementor-element elementor-element-c8ddeb6 elementor-section-height-min-height elementor-section-boxed elementor-section-height-default elementor-section-items-middle\" data-id=\"c8ddeb6\" data-element_type=\"section\" data-settings=\"{&quot;background_background&quot;:&quot;classic&quot;}\">\n\t\t\t\t\t\t\t<div class=\"elementor-background-overlay\"><\/div>\n\t\t\t\t\t\t\t<div class=\"elementor-container elementor-column-gap-default\">\n\t\t\t\t\t<div class=\"elementor-column elementor-col-100 elementor-top-column elementor-element elementor-element-6a5337e\" data-id=\"6a5337e\" data-element_type=\"column\">\n\t\t\t<div class=\"elementor-widget-wrap elementor-element-populated\">\n\t\t\t\t\t\t\t\t<div class=\"elementor-element elementor-element-feefb6c elementor-widget elementor-widget-heading\" data-id=\"feefb6c\" data-element_type=\"widget\" data-widget_type=\"heading.default\">\n\t\t\t\t<div class=\"elementor-widget-container\">\n\t\t\t<style>\/*! elementor - v3.15.0 - 09-08-2023 *\/\n.elementor-heading-title{padding:0;margin:0;line-height:1}.elementor-widget-heading .elementor-heading-title[class*=elementor-size-]>a{color:inherit;font-size:inherit;line-height:inherit}.elementor-widget-heading .elementor-heading-title.elementor-size-small{font-size:15px}.elementor-widget-heading .elementor-heading-title.elementor-size-medium{font-size:19px}.elementor-widget-heading .elementor-heading-title.elementor-size-large{font-size:29px}.elementor-widget-heading .elementor-heading-title.elementor-size-xl{font-size:39px}.elementor-widget-heading .elementor-heading-title.elementor-size-xxl{font-size:59px}<\/style><h1 class=\"elementor-heading-title elementor-size-default\">vyhl\u00eddkov\u00e9 lety<\/h1>\t\t<\/div>\n\t\t\t\t<\/div>\n\t\t\t\t\t<\/div>\n\t\t<\/div>\n\t\t\t\t\t\t\t<\/div>\n\t\t<\/section>\n\t\t\t\t<section class=\"elementor-section elementor-top-section elementor-element elementor-element-034f786 elementor-section-boxed elementor-section-height-default elementor-section-height-default\" data-id=\"034f786\" data-element_type=\"section\" data-settings=\"{&quot;background_background&quot;:&quot;classic&quot;}\">\n\t\t\t\t\t\t<div class=\"elementor-container elementor-column-gap-default\">\n\t\t\t\t\t<div class=\"elementor-column elementor-col-100 elementor-top-column elementor-element elementor-element-ba0c118\" data-id=\"ba0c118\" data-element_type=\"column\">\n\t\t\t<div class=\"elementor-widget-wrap elementor-element-populated\">\n\t\t\t\t\t\t\t\t<div class=\"elementor-element elementor-element-3dc998b elementor-widget elementor-widget-heading\" data-id=\"3dc998b\" data-element_type=\"widget\" data-widget_type=\"heading.default\">\n\t\t\t\t<div class=\"elementor-widget-container\">\n\t\t\t<h2 class=\"elementor-heading-title elementor-size-default\">Lety nad okol\u00edm Kutnohorska, \u010c\u00e1slavska a Posazav\u00ed.<\/h2>\t\t<\/div>\n\t\t\t\t<\/div>\n\t\t\t\t<div class=\"elementor-element elementor-element-a261e1d elementor-widget elementor-widget-text-editor\" data-id=\"a261e1d\" data-element_type=\"widget\" data-widget_type=\"text-editor.default\">\n\t\t\t\t<div class=\"elementor-widget-container\">\n\t\t\t<style>\/*! elementor - v3.15.0 - 09-08-2023 *\/\n.elementor-widget-text-editor.elementor-drop-cap-view-stacked .elementor-drop-cap{background-color:#69727d;color:#fff}.elementor-widget-text-editor.elementor-drop-cap-view-framed .elementor-drop-cap{color:#69727d;border:3px solid;background-color:transparent}.elementor-widget-text-editor:not(.elementor-drop-cap-view-default) .elementor-drop-cap{margin-top:8px}.elementor-widget-text-editor:not(.elementor-drop-cap-view-default) .elementor-drop-cap-letter{width:1em;height:1em}.elementor-widget-text-editor .elementor-drop-cap{float:left;text-align:center;line-height:1;font-size:50px}.elementor-widget-text-editor .elementor-drop-cap-letter{display:inline-block}<\/style>\t\t\t\t<h3>Rezervace<\/h3><p>E-mail: vyhlidky@pradelna-mm.cz<br \/>Tel: +420 728 479 549<\/p>\t\t\t\t\t\t<\/div>\n\t\t\t\t<\/div>\n\t\t\t\t<section class=\"elementor-section elementor-inner-section elementor-element elementor-element-d762106 elementor-section-boxed elementor-section-height-default elementor-section-height-default\" data-id=\"d762106\" data-element_type=\"section\">\n\t\t\t\t\t\t<div class=\"elementor-container elementor-column-gap-default\">\n\t\t\t\t\t<div class=\"elementor-column elementor-col-50 elementor-inner-column elementor-element elementor-element-08ec54c\" data-id=\"08ec54c\" data-element_type=\"column\" data-settings=\"{&quot;background_background&quot;:&quot;classic&quot;}\">\n\t\t\t<div class=\"elementor-widget-wrap elementor-element-populated\">\n\t\t\t\t\t\t\t\t<div class=\"elementor-element elementor-element-8fa3d11 elementor-widget elementor-widget-text-editor\" data-id=\"8fa3d11\" data-element_type=\"widget\" data-widget_type=\"text-editor.default\">\n\t\t\t\t<div class=\"elementor-widget-container\">\n\t\t\t\t\t\t\t<p>Vydejte se do nebes, nebo v\u011bnujte poukaz na let n\u011bkomu bl\u00edzk\u00e9mu. S\u00a0hlavou v\u00a0oblac\u00edch vypadaj\u00ed i zn\u00e1m\u00e1 m\u00edsta zcela jinak. Poznejte kr\u00e1sy Kutnohorska, \u010c\u00e1slavska a Pos\u00e1zav\u00ed z\u00a0pta\u010d\u00ed perspektivy. Pozn\u00e1vac\u00ed let je neopakovaten\u00fd z\u00e1\u017eitek pro ka\u017ed\u00e9ho.<br \/><br \/><\/p><h5>Letenky:<\/h5><p>Nab\u00edz\u00edme prodej letenek, kdy si term\u00edn letu m\u016f\u017eete ur\u010dit s\u00e1mi. Letenky maj\u00ed platnost 3 m\u011bs\u00edce od data vystaven\u00ed, letenk\u00e1m vystaven\u00fdm v zimn\u00edch m\u011bs\u00edc\u00edch d\u00e1v\u00e1me platnost 6 m\u011bs\u00edc\u016f. Letenka je ur\u010dena pro dv\u011b dosp\u011bl\u00e9 osoby, p\u0159\u00edpadn\u011b dv\u011b dosp\u011bl\u00e9 osoby a d\u00edt\u011b do 12let, nebo dosp\u011bl\u00e1 osoba a dv\u011b d\u011bti.<\/p><p>Letenky jsou velmi obl\u00edben\u00e9 jako d\u00e1rky k r\u016fzn\u00fdm v\u00fdro\u010d\u00edm, narozenin\u00e1m, svatb\u00e1m, jako v\u00e1no\u010dn\u00ed d\u00e1rky, atd.<\/p>\t\t\t\t\t\t<\/div>\n\t\t\t\t<\/div>\n\t\t\t\t\t<\/div>\n\t\t<\/div>\n\t\t\t\t<div class=\"elementor-column elementor-col-50 elementor-inner-column elementor-element elementor-element-d30d7a1\" data-id=\"d30d7a1\" data-element_type=\"column\" data-settings=\"{&quot;background_background&quot;:&quot;classic&quot;}\">\n\t\t\t<div class=\"elementor-widget-wrap elementor-element-populated\">\n\t\t\t\t\t\t\t\t<div class=\"elementor-element elementor-element-3a99000 elementor-widget elementor-widget-text-editor\" data-id=\"3a99000\" data-element_type=\"widget\" data-widget_type=\"text-editor.default\">\n\t\t\t\t<div class=\"elementor-widget-container\">\n\t\t\t\t\t\t\t<h5>Doba letu:<\/h5><p>P\u0159ipraveny jsou pro V\u00e1s 20minutov\u00e9, 30minutov\u00e9, 40minutov\u00e9 i 60minutov\u00e9 lety.<br \/>Z\u00e1le\u017e\u00ed pouze na V\u00e1s, kter\u00fd let si vyberete. Trasa letu je v\u017edy na dohod\u011b mezi pasa\u017e\u00e9ry a kapit\u00e1nem letu, kdy jedin\u00fdm omezuj\u00edc\u00edm krit\u00e9riem je doba letu. Po konzultaci lze sestavit let p\u0159\u00edmo na m\u00edru, dle va\u0161ich po\u017eadavk\u016f a m\u00edst nad kter\u00e1 chcete let\u011bt.<br \/><br \/><\/p><h5>Leti\u0161t\u011b<\/h5><p>Ve\u0161ker\u00e9 lety prob\u00edhaj\u00ed z leti\u0161t\u011b Zbraslavice, kter\u00e9 le\u017e\u00ed asi 15 kilometr\u016f ji\u017en\u00edm sm\u011brem od \u010c\u00e1slavi. Leti\u0161t\u011b se nach\u00e1z\u00ed v bl\u00edzkosti stejnojmenn\u00e9 obce a samotn\u00e9 leti\u0161t\u011b se m\u016f\u017ee pochlubit dlouhou histori\u00ed, sahaj\u00edc\u00ed a\u017e do roku 1935.<\/p><p>Na leti\u0161ti b\u00fdv\u00e1 v provozu leti\u0161\u0165n\u00ed bar nebo venkovn\u00ed baz\u00e9n, kter\u00fd lze b\u011bhem n\u00e1v\u0161t\u011bvy v\u00a0letn\u00edch dnech vy\u017e\u00edt. P\u0159\u00edjemn\u00e9 posezen\u00ed je v bezprost\u0159edn\u00ed bl\u00edzkosti letadel s vyhl\u00eddkou na vzletovou a p\u0159ist\u00e1vac\u00ed dr\u00e1hu.<\/p>\t\t\t\t\t\t<\/div>\n\t\t\t\t<\/div>\n\t\t\t\t\t<\/div>\n\t\t<\/div>\n\t\t\t\t\t\t\t<\/div>\n\t\t<\/section>\n\t\t\t\t\t<\/div>\n\t\t<\/div>\n\t\t\t\t\t\t\t<\/div>\n\t\t<\/section>\n\t\t\t\t<section class=\"elementor-section elementor-top-section elementor-element elementor-element-6777b49 elementor-section-boxed elementor-section-height-default elementor-section-height-default\" data-id=\"6777b49\" data-element_type=\"section\">\n\t\t\t\t\t\t<div class=\"elementor-container elementor-column-gap-default\">\n\t\t\t\t\t<div class=\"elementor-column elementor-col-50 elementor-top-column elementor-element elementor-element-0d1fddc\" data-id=\"0d1fddc\" data-element_type=\"column\">\n\t\t\t<div class=\"elementor-widget-wrap elementor-element-populated\">\n\t\t\t\t\t\t\t\t<div class=\"elementor-element elementor-element-0e082db elementor-widget elementor-widget-heading\" data-id=\"0e082db\" data-element_type=\"widget\" data-widget_type=\"heading.default\">\n\t\t\t\t<div class=\"elementor-widget-container\">\n\t\t\t<h4 class=\"elementor-heading-title elementor-size-default\">\nDoporu\u010den\u00e9 trasy<\/h4>\t\t<\/div>\n\t\t\t\t<\/div>\n\t\t\t\t<div class=\"elementor-element elementor-element-f6f8201 elementor-widget elementor-widget-text-editor\" data-id=\"f6f8201\" data-element_type=\"widget\" data-widget_type=\"text-editor.default\">\n\t\t\t\t<div class=\"elementor-widget-container\">\n\t\t\t\t\t\t\t<p><strong>20 minut:<\/strong><\/p><ul><li>Zbraslavice \u2013 p\u0159ehrada \u017delivka \u2013 Zbraslavice<\/li><\/ul><p><strong>30 minut:<\/strong><\/p><ul><li>Zbraslavice \u2013 \u010cesk\u00fd \u0160ternberk \u2013 Zbraslavice<\/li><li>Zbraslavice \u2013 Kutn\u00e1 Hora \u2013 Zbraslavice<\/li><li>Zbraslavice \u2013 \u010c\u00e1slav \u2013 Zbraslavice<\/li><\/ul><p><strong>40 minut:<\/strong><\/p><ul><li>Zbraslavice \u2013 \u010c\u00e1slav \u2013 \u017dleby \u2013 Lichnice &#8211; p\u0159ehrada Se\u010d \u2013 p\u0159ehrada Pa\u0159\u00ed\u017eov &#8211; Gol\u010d\u016fv Jen\u00edkov \u2013 Zb\u00fd\u0161ov \u2013 Zbraslavice<\/li><li>Zbraslavice &#8211; \u010cesk\u00fd \u0160ternberk &#8211; Vodn\u00ed n\u00e1dr\u017e \u017delivka &#8211; Lipnice nad S\u00e1zavou &#8211; Lede\u010d nad S\u00e1zavou \u2013 Zbraslavice<\/li><\/ul>\t\t\t\t\t\t<\/div>\n\t\t\t\t<\/div>\n\t\t\t\t\t<\/div>\n\t\t<\/div>\n\t\t\t\t<div class=\"elementor-column elementor-col-50 elementor-top-column elementor-element elementor-element-0dff3f2\" data-id=\"0dff3f2\" data-element_type=\"column\" data-settings=\"{&quot;background_background&quot;:&quot;classic&quot;}\">\n\t\t\t<div class=\"elementor-widget-wrap elementor-element-populated\">\n\t\t\t\t\t\t\t\t<div class=\"elementor-element elementor-element-c7e8e00 elementor-widget elementor-widget-heading\" data-id=\"c7e8e00\" data-element_type=\"widget\" data-widget_type=\"heading.default\">\n\t\t\t\t<div class=\"elementor-widget-container\">\n\t\t\t<h4 class=\"elementor-heading-title elementor-size-default\">Cen\u00edk<\/h4>\t\t<\/div>\n\t\t\t\t<\/div>\n\t\t\t\t<div class=\"elementor-element elementor-element-75e0470 elementor-widget elementor-widget-text-editor\" data-id=\"75e0470\" data-element_type=\"widget\" data-widget_type=\"text-editor.default\">\n\t\t\t\t<div class=\"elementor-widget-container\">\n\t\t\t\t\t\t\t<p>20 minut \u2192 2 700 K\u010d<br \/>30 minut \u2192 4 050 K\u010d<br \/>40 minut \u2192 5 400 K\u010d<br \/>60 minut \u2192 8 100 K\u010d<\/p>\t\t\t\t\t\t<\/div>\n\t\t\t\t<\/div>\n\t\t\t\t\t<\/div>\n\t\t<\/div>\n\t\t\t\t\t\t\t<\/div>\n\t\t<\/section>\n\t\t\t\t<section class=\"elementor-section elementor-top-section elementor-element elementor-element-90de63b elementor-section-boxed elementor-section-height-default elementor-section-height-default\" data-id=\"90de63b\" data-element_type=\"section\">\n\t\t\t\t\t\t<div class=\"elementor-container elementor-column-gap-default\">\n\t\t\t\t\t<div class=\"elementor-column elementor-col-100 elementor-top-column elementor-element elementor-element-2e9c22f\" data-id=\"2e9c22f\" data-element_type=\"column\">\n\t\t\t<div class=\"elementor-widget-wrap elementor-element-populated\">\n\t\t\t\t\t\t\t\t<div class=\"elementor-element elementor-element-4cc3d24 elementor-widget elementor-widget-text-editor\" data-id=\"4cc3d24\" data-element_type=\"widget\" data-widget_type=\"text-editor.default\">\n\t\t\t\t<div class=\"elementor-widget-container\">\n\t\t\t\t\t\t\t<p><strong>Dal\u0161\u00ed informace:<\/strong><\/p><ul><li>Do 6 let se mohou \u00fa\u010dastnit letu pouze v doprovodu osoby star\u0161\u00ed 18 let a mus\u00ed m\u00edt vlastn\u00ed sedadlo.<\/li><li>D\u011bti do 15 let se mohou letu z\u00fa\u010dastnit pouze se souhlasem rodi\u010d\u016f nebo z\u00e1konn\u00fdch z\u00e1stupc\u016f.<\/li><\/ul><p><strong>Podm\u00ednky:<\/strong><\/p><ul><li>Osoby pod vlivem alkoholu, drog a jin\u00fdch n\u00e1vykov\u00fdch l\u00e1tek nebudou vpu\u0161t\u011bny na palubu.<\/li><li>V pr\u016fb\u011bhu cel\u00e9ho letu je povinn\u00e9 \u0159\u00eddit se instrukcemi pilota.<\/li><\/ul><h3>V p\u0159\u00edpad\u011b nep\u0159\u00edzniv\u00fdch meteorologick\u00fdch podm\u00ednek bude let p\u0159esunut na n\u00e1hradn\u00ed term\u00edn.<\/h3>\t\t\t\t\t\t<\/div>\n\t\t\t\t<\/div>\n\t\t\t\t\t<\/div>\n\t\t<\/div>\n\t\t\t\t\t\t\t<\/div>\n\t\t<\/section>\n\t\t\t\t\t\t\t<\/div>\n\t\t","protected":false},"excerpt":{"rendered":"<p>vyhl\u00eddkov\u00e9 lety Lety nad okol\u00edm Kutnohorska, \u010c\u00e1slavska a Posazav\u00ed. Rezervace E-mail: vyhlidky@pradelna-mm.czTel: +420 728 479 549 Vydejte se do nebes, nebo v\u011bnujte poukaz na let n\u011bkomu bl\u00edzk\u00e9mu. S\u00a0hlavou v\u00a0oblac\u00edch vypadaj\u00ed i zn\u00e1m\u00e1 m\u00edsta zcela jinak. Poznejte kr\u00e1sy Kutnohorska, \u010c\u00e1slavska a Pos\u00e1zav\u00ed z\u00a0pta\u010d\u00ed perspektivy. Pozn\u00e1vac\u00ed let je neopakovaten\u00fd z\u00e1\u017eitek pro ka\u017ed\u00e9ho. Letenky: Nab\u00edz\u00edme prodej letenek, kdy &hellip;<\/p>\n<p class=\"read-more\"> <a class=\"\" href=\"https:\/\/aviatik.p-mm.cz\/?page_id=1456\"> <span class=\"screen-reader-text\">Vyhl\u00eddkov\u00e9 lety<\/span> Pokra\u010dovat ve \u010dten\u00ed &raquo;<\/a><\/p>\n","protected":false},"author":2,"featured_media":0,"parent":0,"menu_order":0,"comment_status":"closed","ping_status":"closed","template":"","meta":{"site-sidebar-layout":"no-sidebar","site-content-layout":"page-builder","ast-global-header-display":"","ast-banner-title-visibility":"","ast-main-header-display":"","ast-hfb-above-header-display":"","ast-hfb-below-header-display":"","ast-hfb-mobile-header-display":"","site-post-title":"disabled","ast-breadcrumbs-content":"","ast-featured-img":"disabled","footer-sml-layout":"","theme-transparent-header-meta":"enabled","adv-header-id-meta":"","stick-header-meta":"","header-above-stick-meta":"","header-main-stick-meta":"","header-below-stick-meta":"","footnotes":""},"class_list":["post-1456","page","type-page","status-publish","hentry"],"_links":{"self":[{"href":"https:\/\/aviatik.p-mm.cz\/index.php?rest_route=\/wp\/v2\/pages\/1456","targetHints":{"allow":["GET"]}}],"collection":[{"href":"https:\/\/aviatik.p-mm.cz\/index.php?rest_route=\/wp\/v2\/pages"}],"about":[{"href":"https:\/\/aviatik.p-mm.cz\/index.php?rest_route=\/wp\/v2\/types\/page"}],"author":[{"embeddable":true,"href":"https:\/\/aviatik.p-mm.cz\/index.php?rest_route=\/wp\/v2\/users\/2"}],"replies":[{"embeddable":true,"href":"https:\/\/aviatik.p-mm.cz\/index.php?rest_route=%2Fwp%2Fv2%2Fcomments&post=1456"}],"version-history":[{"count":43,"href":"https:\/\/aviatik.p-mm.cz\/index.php?rest_route=\/wp\/v2\/pages\/1456\/revisions"}],"predecessor-version":[{"id":1952,"href":"https:\/\/aviatik.p-mm.cz\/index.php?rest_route=\/wp\/v2\/pages\/1456\/revisions\/1952"}],"wp:attachment":[{"href":"https:\/\/aviatik.p-mm.cz\/index.php?rest_route=%2Fwp%2Fv2%2Fmedia&parent=1456"}],"curies":[{"name":"wp","href":"https:\/\/api.w.org\/{rel}","templated":true}]}}